{"id":2170,"date":"2021-10-28T15:56:20","date_gmt":"2021-10-28T15:56:20","guid":{"rendered":"https:\/\/www.consulenza-arch.ch\/curriculum-vitae\/"},"modified":"2021-10-28T16:02:35","modified_gmt":"2021-10-28T16:02:35","slug":"curriculum-vitae","status":"publish","type":"page","link":"https:\/\/www.consulenza-arch.ch\/fr\/curriculum-vitae\/","title":{"rendered":"Curriculum Vitae"},"content":{"rendered":"<p><div class=\"fusion-fullwidth fullwidth-box fusion-builder-row-1 nonhundred-percent-fullwidth non-hundred-percent-height-scrolling\" style=\"--awb-border-radius-top-left:0px;--awb-border-radius-top-right:0px;--awb-border-radius-bottom-right:0px;--awb-border-radius-bottom-left:0px;--awb-padding-top:8%;--awb-padding-bottom:8%;--awb-flex-wrap:wrap;\" ><div class=\"fusion-builder-row fusion-row\"><div class=\"fusion-layout-column fusion_builder_column fusion-builder-column-0 fusion_builder_column_3_4 3_4 fusion-three-fourth fusion-column-first fusion-animated\" style=\"--awb-bg-size:cover;--awb-margin-top:0px;--awb-margin-bottom:0px;width:75%;width:calc(75% - ( ( 4% ) * 0.75 ) );margin-right: 4%;\" data-animationType=\"fadeInLeft\" data-animationDuration=\"0.8\" data-animationOffset=\"top-into-view\"><div class=\"fusion-column-wrapper fusion-column-has-shadow fusion-flex-column-wrapper-legacy\"><div class=\"fusion-text fusion-text-1 caption\" style=\"--awb-text-transform:none;\"><p>CURRICULUM VITAE<\/p>\n<\/div><div class=\"fusion-title title fusion-title-1 fusion-sep-none fusion-title-text fusion-title-size-two\"><h2 class=\"fusion-title-heading title-heading-left fusion-responsive-typography-calculated\" style=\"margin:0;--fontSize:72;line-height:1.28;\">Andrea Molina<\/h2><\/div><div class=\"fusion-clearfix\"><\/div><\/div><\/div><div class=\"fusion-layout-column fusion_builder_column fusion-builder-column-1 fusion_builder_column_1_4 1_4 fusion-one-fourth fusion-column-last fusion-animated\" style=\"--awb-bg-size:cover;--awb-margin-top:4%;width:25%;width:calc(25% - ( ( 4% ) * 0.25 ) );\" data-animationType=\"fadeInRight\" data-animationDuration=\"0.8\" data-animationOffset=\"top-into-view\"><div class=\"fusion-column-wrapper fusion-column-has-shadow fusion-flex-column-wrapper-legacy\"><div class=\"fusion-clearfix\"><\/div><\/div><\/div><\/div><\/div><div class=\"fusion-fullwidth fullwidth-box fusion-builder-row-2 fusion-flex-container nonhundred-percent-fullwidth non-hundred-percent-height-scrolling\" style=\"--awb-background-position:left top;--awb-border-radius-top-left:0px;--awb-border-radius-top-right:0px;--awb-border-radius-bottom-right:0px;--awb-border-radius-bottom-left:0px;--awb-padding-top:0px;--awb-padding-bottom:0px;--awb-margin-top:0px;--awb-margin-bottom:0px;--awb-background-image:linear-gradient(180deg, #eaeaea 0%,rgba(255,255,255,0) 100%);--awb-flex-wrap:wrap;\" ><div class=\"fusion-builder-row fusion-row fusion-flex-align-items-stretch fusion-flex-content-wrap\" style=\"max-width:calc( 75% + 0px );margin-left: calc(-0px \/ 2 );margin-right: calc(-0px \/ 2 );\"><div class=\"fusion-layout-column fusion_builder_column fusion-builder-column-2 fusion_builder_column_1_2 1_2 fusion-flex-column fusion-animated\" style=\"--awb-padding-top:8%;--awb-padding-bottom:8%;--awb-bg-position:center bottom;--awb-bg-size:cover;--awb-border-color:#efefef;--awb-border-top:0;--awb-border-right:0;--awb-border-bottom:0;--awb-border-left:0;--awb-border-style:solid;--awb-width-large:50%;--awb-margin-top-large:20px;--awb-spacing-right-large:calc( 0.16 * calc( 100% - 0px ) );--awb-margin-bottom-large:20px;--awb-spacing-left-large:0px;--awb-width-medium:100%;--awb-order-medium:0;--awb-spacing-right-medium:0px;--awb-spacing-left-medium:0px;--awb-width-small:100%;--awb-order-small:0;--awb-spacing-right-small:0px;--awb-spacing-left-small:0px;\" data-animationType=\"fadeInDown\" data-animationDuration=\"0.8\" data-animationOffset=\"top-into-view\"><div class=\"fusion-column-wrapper fusion-column-has-shadow fusion-flex-justify-content-center fusion-content-layout-column\"><div class=\"fusion-text fusion-text-2\" style=\"--awb-text-transform:none;\"><p>Andrea Molina, architecte dipl\u00f4m\u00e9 \u00e0 l\u2019Acad\u00e9mie d\u2019architecture de Mendrisio (sous la direction de l\u2019architecte Mario Botta), a commenc\u00e9 sa carri\u00e8re en 2004 comme architecte dans un grand bureau d\u2019architecture lausannois. Par la suite, en tant que chef de projet Management de la construction (autant que repr\u00e9sentant du ma\u00eetre de l\u2019ouvrage) d\u2019une grande entreprise suisse, il a travaill\u00e9 \u00e0 la r\u00e9novation et \u00e0 la restauration d\u2019immeubles r\u00e9sidentiels, commerciaux et administratifs en Suisse romande et en Suisse al\u00e9manique. Afin d\u2019approfondir ses connaissances techniques, il a travaill\u00e9 comme responsable des r\u00e9alisations en Suisse al\u00e9manique pour une entreprise g\u00e9n\u00e9rale, o\u00f9 il a \u00e9galement approfondi ses connaissances dans la gestion de grands projets. Dans le domaine de l\u2019architecture, la planification et de la planification g\u00e9n\u00e9rale, il a fond\u00e9 et dirig\u00e9 la succursale tessinoise d\u2019IttenBrechb\u00fchl SA, l\u2019un des plus importants bureaux d\u2019architectes de Suisse, dont il \u00e9tait \u00e9galement associ\u00e9.<\/p>\n<p>Au cours de toutes ces ann\u00e9es d\u2019activit\u00e9, il s\u2019est \u00e9galement impliqu\u00e9 personnellement dans le d\u00e9veloppement de projets et dans la gestion d\u2019importants projets de construction et de planification.<\/p>\n<p><strong>Langues<br \/>\n<\/strong>La soci\u00e9t\u00e9 conduit ses activit\u00e9s en italien, allemand et fran\u00e7ais. Les projets en langue anglaise sont g\u00e9r\u00e9s en collaboration avec des partenaires externes.<\/p>\n<p><strong>Adh\u00e9sion \u00e0 des associations<br \/>\n<\/strong>SIA<br \/>\nOTIA<br \/>\nREG A<\/p>\n<\/div><\/div><\/div><div class=\"fusion-layout-column fusion_builder_column fusion-builder-column-3 fusion_builder_column_1_2 1_2 fusion-flex-column fusion-animated\" style=\"--awb-padding-top:8%;--awb-padding-bottom:8%;--awb-bg-image:url(&#039;https:\/\/www.consulenza-arch.ch\/wp-content\/uploads\/2021\/10\/molina_header_nol.jpg&#039;);--awb-bg-position:center top;--awb-bg-size:cover;--awb-border-color:#efefef;--awb-border-top:0;--awb-border-right:0;--awb-border-bottom:0;--awb-border-left:0;--awb-border-style:solid;--awb-width-large:50%;--awb-margin-top-large:0px;--awb-spacing-right-large:0px;--awb-margin-bottom-large:0px;--awb-spacing-left-large:0px;--awb-width-medium:100%;--awb-order-medium:0;--awb-spacing-right-medium:0px;--awb-spacing-left-medium:0px;--awb-width-small:100%;--awb-order-small:0;--awb-spacing-right-small:0px;--awb-spacing-left-small:0px;\" data-animationType=\"fadeInDown\" data-animationDuration=\"0.8\" data-animationOffset=\"top-into-view\"><div class=\"fusion-column-wrapper fusion-column-has-shadow fusion-flex-justify-content-center fusion-content-layout-column fusion-column-has-bg-image\" data-bg-url=\"https:\/\/www.consulenza-arch.ch\/wp-content\/uploads\/2021\/10\/molina_header_nol.jpg\"><div class=\"fusion-separator fusion-full-width-sep\" style=\"align-self: center;margin-left: auto;margin-right: auto;margin-top:500px;width:100%;\"><\/div><\/div><\/div><\/div><\/div><\/p>\n","protected":false},"excerpt":{"rendered":"","protected":false},"author":1,"featured_media":0,"parent":0,"menu_order":0,"comment_status":"closed","ping_status":"closed","template":"100-width.php","meta":{"footnotes":""},"class_list":["post-2170","page","type-page","status-publish","hentry"],"_links":{"self":[{"href":"https:\/\/www.consulenza-arch.ch\/fr\/wp-json\/wp\/v2\/pages\/2170","targetHints":{"allow":["GET"]}}],"collection":[{"href":"https:\/\/www.consulenza-arch.ch\/fr\/wp-json\/wp\/v2\/pages"}],"about":[{"href":"https:\/\/www.consulenza-arch.ch\/fr\/wp-json\/wp\/v2\/types\/page"}],"author":[{"embeddable":true,"href":"https:\/\/www.consulenza-arch.ch\/fr\/wp-json\/wp\/v2\/users\/1"}],"replies":[{"embeddable":true,"href":"https:\/\/www.consulenza-arch.ch\/fr\/wp-json\/wp\/v2\/comments?post=2170"}],"version-history":[{"count":2,"href":"https:\/\/www.consulenza-arch.ch\/fr\/wp-json\/wp\/v2\/pages\/2170\/revisions"}],"predecessor-version":[{"id":2172,"href":"https:\/\/www.consulenza-arch.ch\/fr\/wp-json\/wp\/v2\/pages\/2170\/revisions\/2172"}],"wp:attachment":[{"href":"https:\/\/www.consulenza-arch.ch\/fr\/wp-json\/wp\/v2\/media?parent=2170"}],"curies":[{"name":"wp","href":"https:\/\/api.w.org\/{rel}","templated":true}]}}