{"id":2175,"date":"2021-10-28T15:56:20","date_gmt":"2021-10-28T15:56:20","guid":{"rendered":"https:\/\/www.consulenza-arch.ch\/curriculum-vitae\/"},"modified":"2021-10-28T16:04:04","modified_gmt":"2021-10-28T16:04:04","slug":"curriculum-vitae","status":"publish","type":"page","link":"https:\/\/www.consulenza-arch.ch\/de\/curriculum-vitae\/","title":{"rendered":"Curriculum Vitae"},"content":{"rendered":"<p><div class=\"fusion-fullwidth fullwidth-box fusion-builder-row-1 nonhundred-percent-fullwidth non-hundred-percent-height-scrolling\" style=\"--awb-border-radius-top-left:0px;--awb-border-radius-top-right:0px;--awb-border-radius-bottom-right:0px;--awb-border-radius-bottom-left:0px;--awb-padding-top:8%;--awb-padding-bottom:8%;--awb-flex-wrap:wrap;\" ><div class=\"fusion-builder-row fusion-row\"><div class=\"fusion-layout-column fusion_builder_column fusion-builder-column-0 fusion_builder_column_3_4 3_4 fusion-three-fourth fusion-column-first fusion-animated\" style=\"--awb-bg-size:cover;--awb-margin-top:0px;--awb-margin-bottom:0px;width:75%;width:calc(75% - ( ( 4% ) * 0.75 ) );margin-right: 4%;\" data-animationType=\"fadeInLeft\" data-animationDuration=\"0.8\" data-animationOffset=\"top-into-view\"><div class=\"fusion-column-wrapper fusion-column-has-shadow fusion-flex-column-wrapper-legacy\"><div class=\"fusion-text fusion-text-1 caption\" style=\"--awb-text-transform:none;\"><p>CURRICULUM VITAE<\/p>\n<\/div><div class=\"fusion-title title fusion-title-1 fusion-sep-none fusion-title-text fusion-title-size-two\"><h2 class=\"fusion-title-heading title-heading-left fusion-responsive-typography-calculated\" style=\"margin:0;--fontSize:72;line-height:1.28;\">Andrea Molina<\/h2><\/div><div class=\"fusion-clearfix\"><\/div><\/div><\/div><div class=\"fusion-layout-column fusion_builder_column fusion-builder-column-1 fusion_builder_column_1_4 1_4 fusion-one-fourth fusion-column-last fusion-animated\" style=\"--awb-bg-size:cover;--awb-margin-top:4%;width:25%;width:calc(25% - ( ( 4% ) * 0.25 ) );\" data-animationType=\"fadeInRight\" data-animationDuration=\"0.8\" data-animationOffset=\"top-into-view\"><div class=\"fusion-column-wrapper fusion-column-has-shadow fusion-flex-column-wrapper-legacy\"><div class=\"fusion-clearfix\"><\/div><\/div><\/div><\/div><\/div><div class=\"fusion-fullwidth fullwidth-box fusion-builder-row-2 fusion-flex-container nonhundred-percent-fullwidth non-hundred-percent-height-scrolling\" style=\"--awb-background-position:left top;--awb-border-radius-top-left:0px;--awb-border-radius-top-right:0px;--awb-border-radius-bottom-right:0px;--awb-border-radius-bottom-left:0px;--awb-padding-top:0px;--awb-padding-bottom:0px;--awb-margin-top:0px;--awb-margin-bottom:0px;--awb-background-image:linear-gradient(180deg, #eaeaea 0%,rgba(255,255,255,0) 100%);--awb-flex-wrap:wrap;\" ><div class=\"fusion-builder-row fusion-row fusion-flex-align-items-stretch fusion-flex-content-wrap\" style=\"max-width:calc( 75% + 0px );margin-left: calc(-0px \/ 2 );margin-right: calc(-0px \/ 2 );\"><div class=\"fusion-layout-column fusion_builder_column fusion-builder-column-2 fusion_builder_column_1_2 1_2 fusion-flex-column fusion-animated\" style=\"--awb-padding-top:8%;--awb-padding-bottom:8%;--awb-bg-position:center bottom;--awb-bg-size:cover;--awb-border-color:#efefef;--awb-border-top:0;--awb-border-right:0;--awb-border-bottom:0;--awb-border-left:0;--awb-border-style:solid;--awb-width-large:50%;--awb-margin-top-large:20px;--awb-spacing-right-large:calc( 0.16 * calc( 100% - 0px ) );--awb-margin-bottom-large:20px;--awb-spacing-left-large:0px;--awb-width-medium:100%;--awb-order-medium:0;--awb-spacing-right-medium:0px;--awb-spacing-left-medium:0px;--awb-width-small:100%;--awb-order-small:0;--awb-spacing-right-small:0px;--awb-spacing-left-small:0px;\" data-animationType=\"fadeInDown\" data-animationDuration=\"0.8\" data-animationOffset=\"top-into-view\"><div class=\"fusion-column-wrapper fusion-column-has-shadow fusion-flex-justify-content-center fusion-content-layout-column\"><div class=\"fusion-text fusion-text-2\" style=\"--awb-text-transform:none;\"><p>Andrea Molina, diplomierter Architekt an der Akademie f\u00fcr Architektur in Mendrisio (unter der Leitung des Architekten Mario Botta), begann seine Karriere 2004 als Architekt in einem grossen Architekturb\u00fcro in Lausanne. Sp\u00e4ter arbeitete er als Projektleiter Baumanagement (als Bauherrenvertreter) eines grossen Schweizer Unternehmens an der Renovierung und Sanierung von Wohn-, Gesch\u00e4fts- und Verwaltungsimmobilien in der West- und Deutschschweiz.<\/p>\n<p>Um seine technischen Kenntnisse zu vertiefen, arbeitete er als \u201eLeiter Ausf\u00fchrung\u201c in der Deutschschweiz f\u00fcr einen Generalunternehmer, wo er auch seine Kenntnisse im Management von Grossprojekten vertiefte. Im Bereich Architektur, Planung und Generalplanung gr\u00fcndete und leitete er die Tessiner Niederlassung eines der bedeutendsten Architekturb\u00fcros der Schweiz, der IttenBrechb\u00fchl AG, deren Partner er ebenfalls war. W\u00e4hrend all dieser Jahre war er auch pers\u00f6nlich an der Entwicklung und Leitung wichtiger Bau- und Planungsvorhaben beteiligt.<\/p>\n<p><strong>Sprachen<\/strong><br \/>Das Unternehmen f\u00fchrt seine Aktivit\u00e4ten auf Italienisch, Deutsch und Franz\u00f6sisch. Englischsprachige Projekte werden in Zusammenarbeit mit externen Partnern durchgef\u00fchrt.<\/p>\n<p><strong>Mitgliedschaft in Verb\u00e4nden<\/strong><br \/>SIA<br \/>OTIA<br \/>REG A<\/p>\n<\/div><\/div><\/div><div class=\"fusion-layout-column fusion_builder_column fusion-builder-column-3 fusion_builder_column_1_2 1_2 fusion-flex-column fusion-animated\" style=\"--awb-padding-top:8%;--awb-padding-bottom:8%;--awb-bg-image:url(&#039;https:\/\/www.consulenza-arch.ch\/wp-content\/uploads\/2021\/10\/molina_header_nol.jpg&#039;);--awb-bg-position:center top;--awb-bg-size:cover;--awb-border-color:#efefef;--awb-border-top:0;--awb-border-right:0;--awb-border-bottom:0;--awb-border-left:0;--awb-border-style:solid;--awb-width-large:50%;--awb-margin-top-large:0px;--awb-spacing-right-large:0px;--awb-margin-bottom-large:0px;--awb-spacing-left-large:0px;--awb-width-medium:100%;--awb-order-medium:0;--awb-spacing-right-medium:0px;--awb-spacing-left-medium:0px;--awb-width-small:100%;--awb-order-small:0;--awb-spacing-right-small:0px;--awb-spacing-left-small:0px;\" data-animationType=\"fadeInDown\" data-animationDuration=\"0.8\" data-animationOffset=\"top-into-view\"><div class=\"fusion-column-wrapper fusion-column-has-shadow fusion-flex-justify-content-center fusion-content-layout-column fusion-column-has-bg-image\" data-bg-url=\"https:\/\/www.consulenza-arch.ch\/wp-content\/uploads\/2021\/10\/molina_header_nol.jpg\"><div class=\"fusion-separator fusion-full-width-sep\" style=\"align-self: center;margin-left: auto;margin-right: auto;margin-top:500px;width:100%;\"><\/div><\/div><\/div><\/div><\/div><\/p>\n","protected":false},"excerpt":{"rendered":"","protected":false},"author":1,"featured_media":0,"parent":0,"menu_order":0,"comment_status":"closed","ping_status":"closed","template":"100-width.php","meta":{"footnotes":""},"class_list":["post-2175","page","type-page","status-publish","hentry"],"_links":{"self":[{"href":"https:\/\/www.consulenza-arch.ch\/de\/wp-json\/wp\/v2\/pages\/2175","targetHints":{"allow":["GET"]}}],"collection":[{"href":"https:\/\/www.consulenza-arch.ch\/de\/wp-json\/wp\/v2\/pages"}],"about":[{"href":"https:\/\/www.consulenza-arch.ch\/de\/wp-json\/wp\/v2\/types\/page"}],"author":[{"embeddable":true,"href":"https:\/\/www.consulenza-arch.ch\/de\/wp-json\/wp\/v2\/users\/1"}],"replies":[{"embeddable":true,"href":"https:\/\/www.consulenza-arch.ch\/de\/wp-json\/wp\/v2\/comments?post=2175"}],"version-history":[{"count":2,"href":"https:\/\/www.consulenza-arch.ch\/de\/wp-json\/wp\/v2\/pages\/2175\/revisions"}],"predecessor-version":[{"id":2178,"href":"https:\/\/www.consulenza-arch.ch\/de\/wp-json\/wp\/v2\/pages\/2175\/revisions\/2178"}],"wp:attachment":[{"href":"https:\/\/www.consulenza-arch.ch\/de\/wp-json\/wp\/v2\/media?parent=2175"}],"curies":[{"name":"wp","href":"https:\/\/api.w.org\/{rel}","templated":true}]}}